{"id":1259,"date":"2024-02-21T02:51:43","date_gmt":"2024-02-21T02:51:43","guid":{"rendered":"https:\/\/mayitamusic.com\/bio\/"},"modified":"2025-08-22T02:18:31","modified_gmt":"2025-08-22T02:18:31","slug":"bio","status":"publish","type":"page","link":"https:\/\/mayitamusic.com\/es\/bio\/","title":{"rendered":"Bio"},"content":{"rendered":"<div class=\"wpb-content-wrapper\"><p>[vc_row gap=\u00bb30&#8243; iron_row_type=\u00bbin_container\u00bb iron_remove_padding_medium=\u00bb\u00bb iron_remove_padding_small=\u00bb\u00bb iron_overlay_pattern=\u00bb\u00bb iron_parallax=\u00bb\u00bb iron_bg_video=\u00bb\u00bb][vc_column][vc_video link=\u00bbhttps:\/\/youtu.be\/bmhSrXl3BHY?si=W0gjCYYoy-NjYEh-\u00bb align=\u00bbcenter\u00bb css_animation=\u00bbfadeIn\u00bb css=\u00bb\u00bb][vc_empty_space height=\u00bb42px\u00bb][vc_custom_heading text=\u00bbMaYita Music: Una Odisea Musical\u00bb font_container=\u00bbtag:h2|font_size:30|text_align:center|color:%23df5109|line_height:2&#8243; google_fonts=\u00bbfont_family:Roboto%20Condensed%3A100%2C200%2C300%2Cregular%2C500%2C600%2C700%2C800%2C900%2C100italic%2C200italic%2C300italic%2Citalic%2C500italic%2C600italic%2C700italic%2C800italic%2C900italic|font_style:700%20bold%20regular%3A700%3Anormal\u00bb css_animation=\u00bbfadeInUp\u00bb fit_bg_text=\u00bb0&#8243;]\t<div class=\"dividerwrap\" style=\"padding-top:px; padding-bottom:2px;\">\r\n\t\t<div class=\"imagedivider center\">\r\n\t\t<img decoding=\"async\" src=\"https:\/\/mayitamusic.com\/wp-content\/uploads\/2025\/03\/tatuajes-tribales140-03.png\" class=\"imagedividerpic\" alt=\"divider\">\r\n\t\t<\/div>\r\n\t\t<div class=\"clear\"><\/div>\r\n\t<\/div>[vc_empty_space height=\u00bb12px\u00bb][vc_row_inner gap=\u00bb20&#8243; iron_bg_video=\u00bb\u00bb css_animation=\u00bbfadeInUp\u00bb css=\u00bb.vc_custom_1708514678060{padding-right: 40px !important;padding-left: 40px !important;}\u00bb][vc_column_inner width=\u00bb1\/2&#8243;][vc_column_text css_animation=\u00bbfadeIn\u00bb css=\u00bb\u00bb]<\/p>\n<h2>MaYita: artista de m\u00fasica medicina<\/h2>\n<p>La historia de Maya Mart\u00ednez Guerra, \u00abMaYita\u00bb, nos habla de un <strong>profundo amor por el arte y el poder espiritual de la m\u00fasica<\/strong>, una pasi\u00f3n que ha moldeado su vida <em>desde muy joven.<\/em><\/p>\n<p>El <a href=\"https:\/\/mayitamusic.com\/es\/capitulo-1-mi-viaje-musical\/\">viaje musical<\/a> de MaYita comenz\u00f3 a los 9 a\u00f1os, iniciando lo que ser\u00eda una dedicaci\u00f3n de por <strong>vida al estudio, la interpretaci\u00f3n, la grabaci\u00f3n y la composici\u00f3n de piezas originales. <\/strong><\/p>\n<p>Su <em>sed de conocimientos musicales<\/em> la llev\u00f3 desde muy joven a una exploraci\u00f3n constante por los \u00e1mbitos de la <strong>musicoterapia, la m\u00fasica cl\u00e1sica, el jazz, la fusi\u00f3n y la producci\u00f3n musical.<\/strong><\/p>\n<blockquote><p>Nacida en el palpitar del <strong>exuberante coraz\u00f3n de Colombia<\/strong> y criada en medio de los <strong>vibrantes ritmos de la ciudad de Nueva York<\/strong>, la educaci\u00f3n multicultural de Maya se entreteje en su m\u00fasica, enriqueciendo sus composiciones con diversas influencias y sonoridades.<\/p><\/blockquote>\n<p>Siendo a\u00fan bastante joven, <strong>su b\u00fasqueda del conocimiento musical la llev\u00f3 a los aires de La Habana, Cuba,<\/strong> donde se sumergi\u00f3 en las <em>tradiciones de la m\u00fasica cl\u00e1sica y latina<\/em>. M\u00e1s tarde, perfeccion\u00f3 sus habilidades en el emblem\u00e1tico <strong>Conservatorio de M\u00fasica de Brooklyn<\/strong>, donde profundiz\u00f3 en los <em>vibrantes sonidos del jazz<\/em>.<\/p>\n<p>Su gusto y estudios de <strong>producci\u00f3n musical<\/strong> ampliaron a\u00fan m\u00e1s su mirada art\u00edstica y alimentaron su creatividad e intereses.<\/p>\n<p><strong>En 2005, el recorrido de Maya alcanz\u00f3 un hito importante<\/strong> al firmar con <a href=\"https:\/\/nacionalrecords.com\/\">Nacional Records<\/a>. Formando equipo con su compa\u00f1era de banda, publicaron el \u00e1lbum debut, \u00abAll Good Things\u00bb, aclamado por la cr\u00edtica bajo el nombre de <strong>Pacha Massive.<\/strong><\/p>\n<p>Esta <strong>joya musical<\/strong> reson\u00f3 ampliamente, adornando prestigiosos escenarios como el <strong>Madison Square Garden, el \u00abSummer Stage\u00bb de Central Park y el \u00abCelebrate Brooklyn\u00bb de Prospect Park.<\/strong><\/p>\n<p>MaYita comparti\u00f3 estos escenarios con<em> leyendas de la m\u00fasica latina,<\/em> como <strong>Bomba Est\u00e9reo, Caf\u00e9 Tacuba, Aterciopelados y Taeo Cruz.<\/strong>[\/vc_column_text][\/vc_column_inner][vc_column_inner width=\u00bb1\/2&#8243;][vc_column_text css_animation=\u00bbfadeIn\u00bb css=\u00bb\u00bb]<\/p>\n<h3>\u00abSoldada del sonido\u00bb<\/h3>\n<p>El viaje vital de MaYita dio un giro extraordinario cuando <strong>se alist\u00f3 en el Ej\u00e9rcito de los Estados Unidos<\/strong>, donde trabaj\u00f3 como <em>ingeniera de sonido<\/em> para la 78\u00aa Banda del Ej\u00e9rcito en Nueva York durante ocho a\u00f1os de labores.<\/p>\n<p>Hacia mediados de su servicio militar, MaYita alcanz\u00f3<em>\u00a0un logro hist\u00f3rico<\/em>: se convirti\u00f3 en la <strong>primera persona<\/strong> en graduarse como <em>ingeniera de sonido en la Escuela de M\u00fasica del Ej\u00e9rcito,<\/em> dejando un <strong>legado duradero de dedicaci\u00f3n y contribuci\u00f3n.<\/strong><\/p>\n<p>Como <a href=\"https:\/\/youtu.be\/CxJO64Hgquc?si=QxW890F9f7z6d6lB\">\u00abSoldada del Sonido\u00bb<\/a>, MaYita se adentr\u00f3 en el estudio de la <strong>musicoterapia en la Universidad de Monclair,<\/strong> explorando el <em>poder de intenci\u00f3n de la m\u00fasica<\/em> y su profunda <strong>eficacia como herramienta de curaci\u00f3n cl\u00ednica.<\/strong><\/p>\n<blockquote><p>Su b\u00fasqueda la llev\u00f3 a <strong>estudiar m\u00fasica medicinal con tribus y comunidades de Am\u00e9rica Central y del Sur<\/strong> durante los \u00faltimos 10 a\u00f1os, alimentando una <em>profunda comprensi\u00f3n del poder curativo y m\u00e1gico de la m\u00fasica<\/em>.<\/p><\/blockquote>\n<p><em>En el a\u00f1o 2024 dio a la luz su proyecto personal<\/em> \u201c<a href=\"https:\/\/mayitamusic.com\/es\/\">MaYita Music<\/a>\u201d donde desde la inspiraci\u00f3n de <strong>mujeres poderosas y la fuerza armonizadora de la m\u00fasica<\/strong>, trabaja por el <em>renacimiento de nuevas naciones, comunidades fundadas en la paz, el amor y la memoria cultural.<\/em><\/p>\n<p>Con este proyecto, MaYita ha recibido numerosos <em>permisos, bendiciones y bautizos<\/em> de varias <a href=\"https:\/\/mayitamusic.com\/es\/musica-y-espiritualidad-el-retorno-de-la-diosa\/\">comunidades y tribus<\/a> alrededor del mundo, destacando que <em>parte de esos procesos tambi\u00e9n han sido procesos musicales<\/em>; de compartir no s\u00f3lo palabras sino <a href=\"https:\/\/youtu.be\/t9nIxvhZ3kE?si=meECS2-t2u_ePk7D\">cantos<\/a> y melod\u00edas.<\/p>\n<p>Sus dos trabajos discogr\u00e1ficos <a href=\"https:\/\/mayitamusic.com\/es\/discography\/mayita-maya\/\">MAYA<\/a> (2024) y <a href=\"https:\/\/mayitamusic.com\/es\/discography\/mayita-somos\/\">SOMOS<\/a> (2025) MaYita buscan unir voces y sentires para <strong>co-crear un mundo donde todos los seres puedan florecer en sagrado equilibrio.<\/strong><\/p>\n<p>As\u00ed, esta <strong>guardiana de la paz y del amor<\/strong>, da la bienvenida a todo el espectro de la expresi\u00f3n humana, <em>desafiando sistemas obsoletos<\/em> en busca de la <strong>nueva humanidad.<\/strong><\/p>\n<p>[\/vc_column_text][\/vc_column_inner][\/vc_row_inner][vc_row_inner iron_bg_video=\u00bb\u00bb css=\u00bb.vc_custom_1732232043247{padding-right: 40px !important;padding-left: 40px !important;}\u00bb][vc_column_inner width=\u00bb1\/6&#8243;][vc_empty_space][\/vc_column_inner][vc_column_inner width=\u00bb2\/3&#8243;][vc_empty_space][vc_single_image image=\u00bb1224&#8243; img_size=\u00bb300 x 300&#8243; alignment=\u00bbcenter\u00bb css=\u00bb\u00bb img_fullwidth=\u00bb0&#8243;][vc_empty_space][vc_column_text css_animation=\u00bbfadeInUp\u00bb css=\u00bb\u00bb]<\/p>\n<p>&lt;h3&gt;Guardiana de la paz y el amor<\/p>\n<p>Guiada por el <strong>Consejo Intergal\u00e1ctico<\/strong>, un Consejo de los Ancianos y los Guardianes para la armonizaci\u00f3n de la Humanidad, <strong>mi misi\u00f3n es fomentar el amor radical, la verdad y el liderazgo <\/strong>en servicio del despertar y armonizaci\u00f3n de la humanidad.<\/p>\n<p>As\u00ed mismo, busco ayudar al <strong>renacimiento de nuevas naciones<\/strong> a trav\u00e9s del <em>poder transformador de la m\u00fasica, el liderazgo y la preservaci\u00f3n cultural.<\/em><\/p>\n<p>Enraizada en el <strong>legado de poderosas mujeres l\u00edderes <\/strong>y alentada por el poder armonizador de la m\u00fasica, recorro el sendero del <a href=\"https:\/\/youtu.be\/8fwT18m42fU?si=Kt3EXwW_K9NZ1q0J\">recuerdo<\/a>, la sanaci\u00f3n, y la unidad.<\/p>\n<p>Me inspiran todos aquellos que dieron forma a sus civilizaciones con sabidur\u00eda, coraje y amor,\u00a0honro su esp\u00edritu asumiendo mi rol como guardiana de la paz.<\/p>\n<p>A trav\u00e9s de <a href=\"https:\/\/mayitamusic.com\/es\/\">MaYita Music<\/a>, <a href=\"https:\/\/www.somossanctuary.org\/\">Somos Sanctuary<\/a> y el servicio sagrado, <em>trabajo para hacer renacer<\/em> nuevas <strong>naciones y comunidades basadas en la paz el amor y la memoria cultural<\/strong>.<\/p>\n<p>Mi misi\u00f3n es conectar diversos linajes y ayudar a despertar el coraz\u00f3n de la humanidad, asegurando la <strong>continuidad y revitalizaci\u00f3n de nuestras herencias compartidas.\u00a0<\/strong><\/p>\n<blockquote><p>Con <em>gracia y coraje<\/em> ayudo a <strong>unir voces para co-crear un nuevo mundo<\/strong> donde todos los seres puedan <strong>compartir y brillar en balance sagrado.<\/strong>\u00a0A trav\u00e9s del l<em>enguaje unificador de la m\u00fasica <\/em>\u00a0creamos puentes entre generaciones y culturas, <strong>sembrando las semillas de la armon\u00eda para el futuro.<\/strong><\/p><\/blockquote>\n<p>Juntos nos levantamos<strong> por el ritmo de la verdad y la vibraci\u00f3n del amor.<\/strong><\/p>\n<p><img decoding=\"async\" class=\"emoji\" role=\"img\" draggable=\"false\" src=\"https:\/\/s.w.org\/images\/core\/emoji\/15.1.0\/svg\/2728.svg\" alt=\"\u2728\" \/> Nos encontramos en la musica medicinal y espir<i>itual. <\/i><\/p>\n<p>&nbsp;<\/p>\n<p>[\/vc_column_text][\/vc_column_inner][vc_column_inner width=\u00bb1\/6&#8243;][\/vc_column_inner][\/vc_row_inner][\/vc_column][\/vc_row][vc_row iron_row_type=\u00bbin_container\u00bb iron_remove_padding_medium=\u00bb\u00bb iron_remove_padding_small=\u00bb\u00bb iron_overlay_pattern=\u00bb\u00bb iron_parallax=\u00bb\u00bb iron_bg_video=\u00bb\u00bb][vc_column][vc_empty_space][\/vc_column][\/vc_row]<\/p>\n<\/div>","protected":false},"excerpt":{"rendered":"<p>[vc_row gap=\u00bb30&#8243; iron_row_type=\u00bbin_container\u00bb iron_remove_padding_medium=\u00bb\u00bb iron_remove_padding_small=\u00bb\u00bb iron_overlay_pattern=\u00bb\u00bb iron_parallax=\u00bb\u00bb iron_bg_video=\u00bb\u00bb][vc_column][vc_video link=\u00bbhttps:\/\/youtu.be\/bmhSrXl3BHY?si=W0gjCYYoy-NjYEh-\u00bb align=\u00bbcenter\u00bb css_animation=\u00bbfadeIn\u00bb css=\u00bb\u00bb][vc_empty_space height=\u00bb42px\u00bb][vc_custom_heading text=\u00bbMaYita Music: Una Odisea Musical\u00bb font_container=\u00bbtag:h2|font_size:30|text_align:center|color:%23df5109|line_height:2&#8243; google_fonts=\u00bbfont_family:Roboto%20Condensed%3A100%2C200%2C300%2Cregular%2C500%2C600%2C700%2C800%2C900%2C100italic%2C200italic%2C300italic%2Citalic%2C500italic%2C600italic%2C700italic%2C800italic%2C900italic|font_style:700%20bold%20regular%3A700%3Anormal\u00bb css_animation=\u00bbfadeInUp\u00bb fit_bg_text=\u00bb0&#8243;][vc_empty_space height=\u00bb12px\u00bb][vc_row_inner gap=\u00bb20&#8243; iron_bg_video=\u00bb\u00bb css_animation=\u00bbfadeInUp\u00bb css=\u00bb.vc_custom_1708514678060{padding-right: 40px !important;padding-left: 40px !important;}\u00bb][vc_column_inner width=\u00bb1\/2&#8243;][vc_column_text css_animation=\u00bbfadeIn\u00bb css=\u00bb\u00bb] MaYita: artista de m\u00fasica medicina La historia de Maya Mart\u00ednez Guerra, \u00abMaYita\u00bb, nos habla de un profundo amor por el arte y el poder espiritual de la m\u00fasica, una pasi\u00f3n que ha moldeado su vida desde muy joven. El viaje musical de MaYita comenz\u00f3 a los [&hellip;]<\/p>\n","protected":false},"author":2,"featured_media":0,"parent":0,"menu_order":0,"comment_status":"closed","ping_status":"closed","template":"","meta":{"_acf_changed":false,"footnotes":""},"class_list":["post-1259","page","type-page","status-publish","hentry"],"acf":[],"yoast_head":"<!-- This site is optimized with the Yoast SEO plugin v27.4 - https:\/\/yoast.com\/product\/yoast-seo-wordpress\/ -->\n<title>Bio - MaYita Music - Artista de M\u00fasica Medicina<\/title>\n<meta name=\"description\" content=\"Descubre a MaYita, cantante ceremonial y artista de m\u00fasica medicina, cuya voz conecta con la sanaci\u00f3n, la tierra y la conciencia ancestral.\" \/>\n<meta name=\"robots\" content=\"index, follow, max-snippet:-1, max-image-preview:large, max-video-preview:-1\" \/>\n<link rel=\"canonical\" href=\"https:\/\/mayitamusic.com\/es\/bio\/\" \/>\n<meta property=\"og:locale\" content=\"es_ES\" \/>\n<meta property=\"og:type\" content=\"article\" \/>\n<meta property=\"og:title\" content=\"Bio - MaYita Music - Artista de M\u00fasica Medicina\" \/>\n<meta property=\"og:description\" content=\"Descubre a MaYita, cantante ceremonial y artista de m\u00fasica medicina, cuya voz conecta con la sanaci\u00f3n, la tierra y la conciencia ancestral.\" \/>\n<meta property=\"og:url\" content=\"https:\/\/mayitamusic.com\/es\/bio\/\" \/>\n<meta property=\"og:site_name\" content=\"MaYita Music\" \/>\n<meta property=\"article:publisher\" content=\"https:\/\/www.facebook.com\/Mayitamusica\" \/>\n<meta property=\"article:modified_time\" content=\"2025-08-22T02:18:31+00:00\" \/>\n<meta property=\"og:image\" content=\"https:\/\/s.w.org\/images\/core\/emoji\/15.1.0\/svg\/2728.svg\" \/>\n<meta name=\"twitter:card\" content=\"summary_large_image\" \/>\n<meta name=\"twitter:label1\" content=\"Tiempo de lectura\" \/>\n\t<meta name=\"twitter:data1\" content=\"5 minutos\" \/>\n<script type=\"application\/ld+json\" class=\"yoast-schema-graph\">{\"@context\":\"https:\\\/\\\/schema.org\",\"@graph\":[{\"@type\":\"WebPage\",\"@id\":\"https:\\\/\\\/mayitamusic.com\\\/es\\\/bio\\\/\",\"url\":\"https:\\\/\\\/mayitamusic.com\\\/es\\\/bio\\\/\",\"name\":\"Bio - MaYita Music - Artista de M\u00fasica Medicina\",\"isPartOf\":{\"@id\":\"https:\\\/\\\/mayitamusic.com\\\/es\\\/#website\"},\"primaryImageOfPage\":{\"@id\":\"https:\\\/\\\/mayitamusic.com\\\/es\\\/bio\\\/#primaryimage\"},\"image\":{\"@id\":\"https:\\\/\\\/mayitamusic.com\\\/es\\\/bio\\\/#primaryimage\"},\"thumbnailUrl\":\"https:\\\/\\\/s.w.org\\\/images\\\/core\\\/emoji\\\/15.1.0\\\/svg\\\/2728.svg\",\"datePublished\":\"2024-02-21T02:51:43+00:00\",\"dateModified\":\"2025-08-22T02:18:31+00:00\",\"description\":\"Descubre a MaYita, cantante ceremonial y artista de m\u00fasica medicina, cuya voz conecta con la sanaci\u00f3n, la tierra y la conciencia ancestral.\",\"breadcrumb\":{\"@id\":\"https:\\\/\\\/mayitamusic.com\\\/es\\\/bio\\\/#breadcrumb\"},\"inLanguage\":\"es\",\"potentialAction\":[{\"@type\":\"ReadAction\",\"target\":[\"https:\\\/\\\/mayitamusic.com\\\/es\\\/bio\\\/\"]}]},{\"@type\":\"ImageObject\",\"inLanguage\":\"es\",\"@id\":\"https:\\\/\\\/mayitamusic.com\\\/es\\\/bio\\\/#primaryimage\",\"url\":\"https:\\\/\\\/s.w.org\\\/images\\\/core\\\/emoji\\\/15.1.0\\\/svg\\\/2728.svg\",\"contentUrl\":\"https:\\\/\\\/s.w.org\\\/images\\\/core\\\/emoji\\\/15.1.0\\\/svg\\\/2728.svg\"},{\"@type\":\"BreadcrumbList\",\"@id\":\"https:\\\/\\\/mayitamusic.com\\\/es\\\/bio\\\/#breadcrumb\",\"itemListElement\":[{\"@type\":\"ListItem\",\"position\":1,\"name\":\"Home\",\"item\":\"https:\\\/\\\/mayitamusic.com\\\/es\\\/\"},{\"@type\":\"ListItem\",\"position\":2,\"name\":\"Bio\"}]},{\"@type\":\"WebSite\",\"@id\":\"https:\\\/\\\/mayitamusic.com\\\/es\\\/#website\",\"url\":\"https:\\\/\\\/mayitamusic.com\\\/es\\\/\",\"name\":\"MaYita Music\",\"description\":\"Guardian who sings, prays, and heals from the heart.\",\"publisher\":{\"@id\":\"https:\\\/\\\/mayitamusic.com\\\/es\\\/#\\\/schema\\\/person\\\/16fab316ed977baa7b1be720a8c5ba36\"},\"alternateName\":\"MaYita\",\"potentialAction\":[{\"@type\":\"SearchAction\",\"target\":{\"@type\":\"EntryPoint\",\"urlTemplate\":\"https:\\\/\\\/mayitamusic.com\\\/es\\\/?s={search_term_string}\"},\"query-input\":{\"@type\":\"PropertyValueSpecification\",\"valueRequired\":true,\"valueName\":\"search_term_string\"}}],\"inLanguage\":\"es\"},{\"@type\":[\"Person\",\"Organization\"],\"@id\":\"https:\\\/\\\/mayitamusic.com\\\/es\\\/#\\\/schema\\\/person\\\/16fab316ed977baa7b1be720a8c5ba36\",\"name\":\"mayitamusic\",\"image\":{\"@type\":\"ImageObject\",\"inLanguage\":\"es\",\"@id\":\"https:\\\/\\\/mayitamusic.com\\\/wp-content\\\/uploads\\\/2024\\\/04\\\/MAYITA-LOGOSIMBOLO-RAINBOW-2VERSION-scaled.jpg\",\"url\":\"https:\\\/\\\/mayitamusic.com\\\/wp-content\\\/uploads\\\/2024\\\/04\\\/MAYITA-LOGOSIMBOLO-RAINBOW-2VERSION-scaled.jpg\",\"contentUrl\":\"https:\\\/\\\/mayitamusic.com\\\/wp-content\\\/uploads\\\/2024\\\/04\\\/MAYITA-LOGOSIMBOLO-RAINBOW-2VERSION-scaled.jpg\",\"width\":2560,\"height\":2560,\"caption\":\"mayitamusic\"},\"logo\":{\"@id\":\"https:\\\/\\\/mayitamusic.com\\\/wp-content\\\/uploads\\\/2024\\\/04\\\/MAYITA-LOGOSIMBOLO-RAINBOW-2VERSION-scaled.jpg\"},\"description\":\"I am MAYA a guardian. I sow seeds of enduring peace and boundless love honoring the ancestral chants.\",\"sameAs\":[\"https:\\\/\\\/mayitamusic.com\",\"https:\\\/\\\/www.facebook.com\\\/Mayitamusica\",\"https:\\\/\\\/www.instagram.com\\\/mayita_music\",\"www.youtube.com\\\/@MaYitaMusica\",\"https:\\\/\\\/soundcloud.com\\\/mayamg\"]}]}<\/script>\n<!-- \/ Yoast SEO plugin. -->","yoast_head_json":{"title":"Bio - MaYita Music - Artista de M\u00fasica Medicina","description":"Descubre a MaYita, cantante ceremonial y artista de m\u00fasica medicina, cuya voz conecta con la sanaci\u00f3n, la tierra y la conciencia ancestral.","robots":{"index":"index","follow":"follow","max-snippet":"max-snippet:-1","max-image-preview":"max-image-preview:large","max-video-preview":"max-video-preview:-1"},"canonical":"https:\/\/mayitamusic.com\/es\/bio\/","og_locale":"es_ES","og_type":"article","og_title":"Bio - MaYita Music - Artista de M\u00fasica Medicina","og_description":"Descubre a MaYita, cantante ceremonial y artista de m\u00fasica medicina, cuya voz conecta con la sanaci\u00f3n, la tierra y la conciencia ancestral.","og_url":"https:\/\/mayitamusic.com\/es\/bio\/","og_site_name":"MaYita Music","article_publisher":"https:\/\/www.facebook.com\/Mayitamusica","article_modified_time":"2025-08-22T02:18:31+00:00","og_image":[{"url":"https:\/\/s.w.org\/images\/core\/emoji\/15.1.0\/svg\/2728.svg","type":"","width":"","height":""}],"twitter_card":"summary_large_image","twitter_misc":{"Tiempo de lectura":"5 minutos"},"schema":{"@context":"https:\/\/schema.org","@graph":[{"@type":"WebPage","@id":"https:\/\/mayitamusic.com\/es\/bio\/","url":"https:\/\/mayitamusic.com\/es\/bio\/","name":"Bio - MaYita Music - Artista de M\u00fasica Medicina","isPartOf":{"@id":"https:\/\/mayitamusic.com\/es\/#website"},"primaryImageOfPage":{"@id":"https:\/\/mayitamusic.com\/es\/bio\/#primaryimage"},"image":{"@id":"https:\/\/mayitamusic.com\/es\/bio\/#primaryimage"},"thumbnailUrl":"https:\/\/s.w.org\/images\/core\/emoji\/15.1.0\/svg\/2728.svg","datePublished":"2024-02-21T02:51:43+00:00","dateModified":"2025-08-22T02:18:31+00:00","description":"Descubre a MaYita, cantante ceremonial y artista de m\u00fasica medicina, cuya voz conecta con la sanaci\u00f3n, la tierra y la conciencia ancestral.","breadcrumb":{"@id":"https:\/\/mayitamusic.com\/es\/bio\/#breadcrumb"},"inLanguage":"es","potentialAction":[{"@type":"ReadAction","target":["https:\/\/mayitamusic.com\/es\/bio\/"]}]},{"@type":"ImageObject","inLanguage":"es","@id":"https:\/\/mayitamusic.com\/es\/bio\/#primaryimage","url":"https:\/\/s.w.org\/images\/core\/emoji\/15.1.0\/svg\/2728.svg","contentUrl":"https:\/\/s.w.org\/images\/core\/emoji\/15.1.0\/svg\/2728.svg"},{"@type":"BreadcrumbList","@id":"https:\/\/mayitamusic.com\/es\/bio\/#breadcrumb","itemListElement":[{"@type":"ListItem","position":1,"name":"Home","item":"https:\/\/mayitamusic.com\/es\/"},{"@type":"ListItem","position":2,"name":"Bio"}]},{"@type":"WebSite","@id":"https:\/\/mayitamusic.com\/es\/#website","url":"https:\/\/mayitamusic.com\/es\/","name":"MaYita Music","description":"Guardian who sings, prays, and heals from the heart.","publisher":{"@id":"https:\/\/mayitamusic.com\/es\/#\/schema\/person\/16fab316ed977baa7b1be720a8c5ba36"},"alternateName":"MaYita","potentialAction":[{"@type":"SearchAction","target":{"@type":"EntryPoint","urlTemplate":"https:\/\/mayitamusic.com\/es\/?s={search_term_string}"},"query-input":{"@type":"PropertyValueSpecification","valueRequired":true,"valueName":"search_term_string"}}],"inLanguage":"es"},{"@type":["Person","Organization"],"@id":"https:\/\/mayitamusic.com\/es\/#\/schema\/person\/16fab316ed977baa7b1be720a8c5ba36","name":"mayitamusic","image":{"@type":"ImageObject","inLanguage":"es","@id":"https:\/\/mayitamusic.com\/wp-content\/uploads\/2024\/04\/MAYITA-LOGOSIMBOLO-RAINBOW-2VERSION-scaled.jpg","url":"https:\/\/mayitamusic.com\/wp-content\/uploads\/2024\/04\/MAYITA-LOGOSIMBOLO-RAINBOW-2VERSION-scaled.jpg","contentUrl":"https:\/\/mayitamusic.com\/wp-content\/uploads\/2024\/04\/MAYITA-LOGOSIMBOLO-RAINBOW-2VERSION-scaled.jpg","width":2560,"height":2560,"caption":"mayitamusic"},"logo":{"@id":"https:\/\/mayitamusic.com\/wp-content\/uploads\/2024\/04\/MAYITA-LOGOSIMBOLO-RAINBOW-2VERSION-scaled.jpg"},"description":"I am MAYA a guardian. I sow seeds of enduring peace and boundless love honoring the ancestral chants.","sameAs":["https:\/\/mayitamusic.com","https:\/\/www.facebook.com\/Mayitamusica","https:\/\/www.instagram.com\/mayita_music","www.youtube.com\/@MaYitaMusica","https:\/\/soundcloud.com\/mayamg"]}]}},"_links":{"self":[{"href":"https:\/\/mayitamusic.com\/es\/wp-json\/wp\/v2\/pages\/1259","targetHints":{"allow":["GET"]}}],"collection":[{"href":"https:\/\/mayitamusic.com\/es\/wp-json\/wp\/v2\/pages"}],"about":[{"href":"https:\/\/mayitamusic.com\/es\/wp-json\/wp\/v2\/types\/page"}],"author":[{"embeddable":true,"href":"https:\/\/mayitamusic.com\/es\/wp-json\/wp\/v2\/users\/2"}],"replies":[{"embeddable":true,"href":"https:\/\/mayitamusic.com\/es\/wp-json\/wp\/v2\/comments?post=1259"}],"version-history":[{"count":0,"href":"https:\/\/mayitamusic.com\/es\/wp-json\/wp\/v2\/pages\/1259\/revisions"}],"wp:attachment":[{"href":"https:\/\/mayitamusic.com\/es\/wp-json\/wp\/v2\/media?parent=1259"}],"curies":[{"name":"wp","href":"https:\/\/api.w.org\/{rel}","templated":true}]}}